{"id":1070,"date":"2023-10-04T15:43:18","date_gmt":"2023-10-04T13:43:18","guid":{"rendered":"https:\/\/reuter.deinhardt.dev\/en\/?page_id=1070"},"modified":"2023-10-04T15:43:18","modified_gmt":"2023-10-04T13:43:18","slug":"impulse","status":"publish","type":"page","link":"https:\/\/dr-ines-reuter-coaching.com\/en\/impulse\/","title":{"rendered":"Impulse"},"content":{"rendered":"\n<style type=\"text\/css\" data-created_by=\"avia_inline_auto\" id=\"style-css-av-ln3daea9-663f24d7fd987a452be9c9488d3caf57\">\n.avia-section.av-ln3daea9-663f24d7fd987a452be9c9488d3caf57{\nposition:relative;\n}\n.avia-section.av-ln3daea9-663f24d7fd987a452be9c9488d3caf57 .av-parallax .av-parallax-inner{\nbackground-repeat:no-repeat;\nbackground-image:url(https:\/\/dr-ines-reuter-coaching.com\/en\/wp-content\/uploads\/2023\/09\/dr.ines_reuter_bg_blume.jpg);\nbackground-position:50% 50%;\nbackground-attachment:scroll;\n}\n.avia-section.av-ln3daea9-663f24d7fd987a452be9c9488d3caf57 .avia-divider-svg-top svg{\nheight:140px;\nwidth:calc(25% + 1.3px);\nfill:#ffffff;\n}\n<\/style>\n<div id='av_section_1'  class='avia-section av-ln3daea9-663f24d7fd987a452be9c9488d3caf57 main_color avia-section-default avia-no-border-styling  avia-builder-el-0  el_before_av_section  avia-builder-el-first  divider_header av-parallax-section avia-bg-style-parallax av-minimum-height av-minimum-height-custom av-height-custom  container_wrap sidebar_right'  data-section-bg-repeat='no-repeat' data-av_minimum_height_px='300'><div class='avia-divider-svg avia-divider-svg-curve avia-divider-svg-top avia-to-front avia-svg-original'><svg xmlns=\"http:\/\/www.w3.org\/2000\/svg\" viewBox=\"0 0 1000 100\" preserveAspectRatio=\"none\">\n    <path d=\"M1000,4.3V0H0v4.3C0.9,23.1,126.7,99.2,500,100S1000,22.7,1000,4.3z\"\/>\n<\/svg><\/div><div class='av-parallax' data-avia-parallax-ratio='0.3' ><div class='av-parallax-inner main_color avia-full-stretch'><\/div><\/div><div class='container av-section-cont-open' style='height:300px'><main  role=\"main\" itemprop=\"mainContentOfPage\"  class='template-page content  av-content-small alpha units'><div class='post-entry post-entry-type-page post-entry-1070'><div class='entry-content-wrapper clearfix'>\n<section  class='av_textblock_section av-ln3dawpz-0b0938bdfb26a4d15d5bc2540b2142c3 '   itemscope=\"itemscope\" itemtype=\"https:\/\/schema.org\/CreativeWork\" ><div class='avia_textblock'  itemprop=\"text\" ><h2>Impulse<\/h2>\n<\/div><\/section>\n\n<\/div><\/div><\/main><!-- close content main element --><\/div><\/div><div id='av_section_2'  class='avia-section av-qwjzu-5a58608b27b586b75b7a0b0bad9c7e8f main_color avia-section-default avia-no-border-styling  avia-builder-el-2  el_after_av_section  avia-builder-el-last  avia-bg-style-scroll container_wrap sidebar_right'  ><div class='container av-section-cont-open' ><div class='template-page content  av-content-small alpha units'><div class='post-entry post-entry-type-page post-entry-1070'><div class='entry-content-wrapper clearfix'>\n\n<style type=\"text\/css\" data-created_by=\"avia_inline_auto\" id=\"style-css-av-220ai-d37f394354231f388891afcbb2e831f2\">\n.flex_column.av-220ai-d37f394354231f388891afcbb2e831f2{\nwidth:66.333333333333%;\n}\n<\/style>\n<div  class='flex_column av-220ai-d37f394354231f388891afcbb2e831f2 av_two_third  avia-builder-el-3  el_before_av_one_third  avia-builder-el-first  first flex_column_div  '     ><style type=\"text\/css\" data-created_by=\"avia_inline_auto\" id=\"style-css-av-ln3deo2b-7cbc4b766ffc4b2cce170875f58dd164\">\n#top .av-masonry.av-ln3deo2b-7cbc4b766ffc4b2cce170875f58dd164{\nbackground-color:#ffffff;\n}\n<\/style>\n<div id='av-masonry-1' class='av-masonry av-ln3deo2b-7cbc4b766ffc4b2cce170875f58dd164 noHover av-flex-size av-large-gap av-hover-overlay- av-masonry-animation- av-masonry-col-2 av-caption-always av-caption-style- av-masonry-entries av-desktop-columns-overwrite av-desktop-columns-2 av-medium-columns-overwrite av-medium-columns-2 ' data-post_id=\"1070\"><div class=\"av-masonry-container isotope av-js-disabled\"><div class='av-masonry-entry isotope-item av-masonry-item-no-image '><\/div><a href=\"https:\/\/dr-ines-reuter-coaching.com\/en\/das-sommerloch-ueberfluessig-oder-ein-segen-fuer-unsere-kreativitaet\/\"  id='av-masonry-1-item-921' data-av-masonry-item='921' class='av-masonry-entry isotope-item post-921 post type-post status-publish format-standard has-post-thumbnail hentry category-aktuelles category-persoenliches category-projekte  av-masonry-item-with-image' title=\"dr.ines_reuter_bg_blume\"   itemscope=\"itemscope\" itemtype=\"https:\/\/schema.org\/CreativeWork\" ><div class='av-inner-masonry-sizer'><\/div><figure class='av-inner-masonry main_color'><div class=\"av-masonry-outerimage-container\"><div class='av-masonry-image-container'   ><img decoding=\"async\" src=\"https:\/\/dr-ines-reuter-coaching.com\/en\/wp-content\/uploads\/2023\/09\/dr.ines_reuter_bg_blume.jpg\" title=\"dr.ines_reuter_bg_blume\" alt=\"\" \/><\/div><\/div><figcaption class='av-inner-masonry-content site-background'><div class='av-inner-masonry-content-pos'><div class='av-inner-masonry-content-pos-content'><div class='avia-arrow'><\/div><h3 class='av-masonry-entry-title entry-title '  itemprop=\"headline\" >Das Sommerloch &#8211; \u00fcberfl\u00fcssig oder ein Segen f\u00fcr unsere Kreativit\u00e4t?<\/h3><div class='av-masonry-entry-content entry-content'  itemprop=\"text\" >Eine wunderbare Heiterkeit hat meine ganze Seele eingenommen, gleich den s\u00fc\u00dfen Fr\u00fchlingsmorgen, die ich mit ganzem Herzen genie\u00dfe. Ich bin allein und freue mich meines Lebens in dieser Gegend, die f\u00fcr solche Seelen geschaffen ist wie die meine.<\/div><span class='av-masonry-date meta-color updated'>16. August 2023<\/span><span class=\"av-masonry-text-sep text-sep-author\">\/<\/span><span class='av-masonry-author meta-color author'><span class='fn'>by ines<\/span><\/span><\/div><\/div><\/figcaption><\/figure><\/a><!--end av-masonry entry--><a href=\"https:\/\/dr-ines-reuter-coaching.com\/en\/monatsrueckblick-juni-2023\/\"  id='av-masonry-1-item-907' data-av-masonry-item='907' class='av-masonry-entry isotope-item post-907 post type-post status-publish format-standard has-post-thumbnail hentry category-aktuelles category-monatsrueckblick category-persoenliches  av-masonry-item-with-image' title=\"dr.ines_reuter_bg_bienen\"   itemscope=\"itemscope\" itemtype=\"https:\/\/schema.org\/CreativeWork\" ><div class='av-inner-masonry-sizer'><\/div><figure class='av-inner-masonry main_color'><div class=\"av-masonry-outerimage-container\"><div class='av-masonry-image-container'   ><img decoding=\"async\" src=\"https:\/\/dr-ines-reuter-coaching.com\/en\/wp-content\/uploads\/2023\/09\/dr.ines_reuter_bg_bienen.jpg\" title=\"dr.ines_reuter_bg_bienen\" alt=\"\" \/><\/div><\/div><figcaption class='av-inner-masonry-content site-background'><div class='av-inner-masonry-content-pos'><div class='av-inner-masonry-content-pos-content'><div class='avia-arrow'><\/div><h3 class='av-masonry-entry-title entry-title '  itemprop=\"headline\" >Monatsr\u00fcckblick Juni 2023<\/h3><div class='av-masonry-entry-content entry-content'  itemprop=\"text\" >Ich bin so gl\u00fccklich, mein Bester, so ganz in dem Gef\u00fchle von ruhigem Dasein versunken, da\u00df meine Kunst darunter leidet. Ich k\u00f6nnte jetzt nicht zeichnen, nicht einen Strich, und bin nie ein gr\u00f6\u00dferer Maler gewesen als in diesen Augenblicken.<\/div><span class='av-masonry-date meta-color updated'>1. July 2023<\/span><span class=\"av-masonry-text-sep text-sep-author\">\/<\/span><span class='av-masonry-author meta-color author'><span class='fn'>by ines<\/span><\/span><\/div><\/div><\/figcaption><\/figure><\/a><!--end av-masonry entry--><a href=\"https:\/\/dr-ines-reuter-coaching.com\/en\/fun-facts-ueber-mich\/\"  id='av-masonry-1-item-882' data-av-masonry-item='882' class='av-masonry-entry isotope-item post-882 post type-post status-publish format-standard has-post-thumbnail hentry category-persoenliches  av-masonry-item-no-image' title=\"fun facts \u00fcber mich\"   itemscope=\"itemscope\" itemtype=\"https:\/\/schema.org\/CreativeWork\" ><div class='av-inner-masonry-sizer'><\/div><figure class='av-inner-masonry main_color'><figcaption class='av-inner-masonry-content site-background'><div class='av-inner-masonry-content-pos'><div class='av-inner-masonry-content-pos-content'><div class='avia-arrow'><\/div><h3 class='av-masonry-entry-title entry-title '  itemprop=\"headline\" >fun facts \u00fcber mich<\/h3><div class='av-masonry-entry-content entry-content'  itemprop=\"text\" >Ich bin in Karlsruhe im Marienkrankenhaus geboren und habe\u2026<\/div><span class='av-masonry-date meta-color updated'>14. June 2023<\/span><span class=\"av-masonry-text-sep text-sep-author\">\/<\/span><span class='av-masonry-author meta-color author'><span class='fn'>by ines<\/span><\/span><\/div><\/div><\/figcaption><\/figure><\/a><!--end av-masonry entry--><a href=\"https:\/\/dr-ines-reuter-coaching.com\/en\/mauris-viverra-elit-in-augue-volutpat-laoreet-3\/\"  id='av-masonry-1-item-323' data-av-masonry-item='323' class='av-masonry-entry isotope-item post-323 post type-post status-publish format-standard has-post-thumbnail hentry category-aktuelles category-nature  av-masonry-item-no-image' title=\"Die Natur &#8211; Kraftquelle Nr. 1\"   itemscope=\"itemscope\" itemtype=\"https:\/\/schema.org\/CreativeWork\" ><div class='av-inner-masonry-sizer'><\/div><figure class='av-inner-masonry main_color'><figcaption class='av-inner-masonry-content site-background'><div class='av-inner-masonry-content-pos'><div class='av-inner-masonry-content-pos-content'><div class='avia-arrow'><\/div><h3 class='av-masonry-entry-title entry-title '  itemprop=\"headline\" >Die Natur &#8211; Kraftquelle Nr. 1<\/h3><div class='av-masonry-entry-content entry-content'  itemprop=\"text\" >Ich ziehe meine Kraft aus dem mich Verbinden mit der Natur.\u2026<\/div><span class='av-masonry-date meta-color updated'>5. November 2022<\/span><span class=\"av-masonry-text-sep text-sep-author\">\/<\/span><span class='av-masonry-author meta-color author'><span class='fn'>by ines<\/span><\/span><\/div><\/div><\/figcaption><\/figure><\/a><!--end av-masonry entry--><a href=\"https:\/\/dr-ines-reuter-coaching.com\/en\/mauris-viverra-elit-in-augue-volutpat-laoreet-2\/\"  id='av-masonry-1-item-322' data-av-masonry-item='322' class='av-masonry-entry isotope-item post-322 post type-post status-publish format-standard has-post-thumbnail hentry category-aktuelles tag-blog tag-coding  av-masonry-item-no-image' title=\"Aus meinem Leben\"   itemscope=\"itemscope\" itemtype=\"https:\/\/schema.org\/CreativeWork\" ><div class='av-inner-masonry-sizer'><\/div><figure class='av-inner-masonry main_color'><figcaption class='av-inner-masonry-content site-background'><div class='av-inner-masonry-content-pos'><div class='av-inner-masonry-content-pos-content'><div class='avia-arrow'><\/div><h3 class='av-masonry-entry-title entry-title '  itemprop=\"headline\" >Aus meinem Leben<\/h3><div class='av-masonry-entry-content entry-content'  itemprop=\"text\" >Wenn Du in Verbindung bist mit Dir selbst bist, w\u00e4chst Du in\u2026<\/div><span class='av-masonry-date meta-color updated'>21. February 2018<\/span><span class=\"av-masonry-text-sep text-sep-author\">\/<\/span><span class='av-masonry-author meta-color author'><span class='fn'>by ines<\/span><\/span><\/div><\/div><\/figcaption><\/figure><\/a><!--end av-masonry entry--><a href=\"https:\/\/dr-ines-reuter-coaching.com\/en\/mauris-viverra-elit-in-augue-volutpat-laoreet\/\"  id='av-masonry-1-item-194' data-av-masonry-item='194' class='av-masonry-entry isotope-item post-194 post type-post status-publish format-standard has-post-thumbnail hentry category-aktuelles category-projekte tag-design tag-water  av-masonry-item-no-image' title=\"ANFANGEN!\"   itemscope=\"itemscope\" itemtype=\"https:\/\/schema.org\/CreativeWork\" ><div class='av-inner-masonry-sizer'><\/div><figure class='av-inner-masonry main_color'><figcaption class='av-inner-masonry-content site-background'><div class='av-inner-masonry-content-pos'><div class='av-inner-masonry-content-pos-content'><div class='avia-arrow'><\/div><h3 class='av-masonry-entry-title entry-title '  itemprop=\"headline\" >ANFANGEN!<\/h3><div class='av-masonry-entry-content entry-content'  itemprop=\"text\" >\"Ein Unternehmen<br \/>\nmuss nicht gleich so<br \/>\nschnell sein wie<br \/>\nUsain\u2026<\/div><span class='av-masonry-date meta-color updated'>21. February 2018<\/span><span class=\"av-masonry-text-sep text-sep-author\">\/<\/span><span class='av-masonry-author meta-color author'><span class='fn'>by ines<\/span><\/span><\/div><\/div><\/figcaption><\/figure><\/a><!--end av-masonry entry--><\/div><\/div><\/div>\n<style type=\"text\/css\" data-created_by=\"avia_inline_auto\" id=\"style-css-av-hdbii-a0fd69f5b505978d2112aa4ae1511283\">\n.flex_column.av-hdbii-a0fd69f5b505978d2112aa4ae1511283{\nwidth:32.666666666667%;\nmargin-left:1%;\npadding:30px 30px 30px 30px;\nbackground-color:#f7f3ea;\n}\n<\/style>\n<div  class='flex_column av-hdbii-a0fd69f5b505978d2112aa4ae1511283 av_one_third  avia-builder-el-5  el_after_av_two_third  avia-builder-el-last  flex_column_div av-column-min-height-pc  '  data-av-column-min-height=\"{&quot;column-min-pc&quot;:&quot;100%&quot;,&quot;column-equal-height&quot;:false}\"   ><div  class='avia-builder-widget-area clearfix  avia-builder-el-6  avia-builder-el-no-sibling '><section id=\"archives-2\" class=\"widget clearfix widget_archive\"><h3 class=\"widgettitle\">Archive<\/h3>\n\t\t\t<ul>\n\t\t\t\t\t<li><a href='https:\/\/dr-ines-reuter-coaching.com\/en\/2023\/08\/'>August 2023<\/a><\/li>\n\t<li><a href='https:\/\/dr-ines-reuter-coaching.com\/en\/2023\/07\/'>July 2023<\/a><\/li>\n\t<li><a href='https:\/\/dr-ines-reuter-coaching.com\/en\/2023\/06\/'>June 2023<\/a><\/li>\n\t<li><a href='https:\/\/dr-ines-reuter-coaching.com\/en\/2022\/11\/'>November 2022<\/a><\/li>\n\t<li><a href='https:\/\/dr-ines-reuter-coaching.com\/en\/2018\/02\/'>February 2018<\/a><\/li>\n\t\t\t<\/ul>\n\n\t\t\t<span class=\"seperator extralight-border\"><\/span><\/section><section id=\"categories-2\" class=\"widget clearfix widget_categories\"><h3 class=\"widgettitle\">Kategorien<\/h3>\n\t\t\t<ul>\n\t\t\t\t\t<li class=\"cat-item cat-item-19\"><a href=\"https:\/\/dr-ines-reuter-coaching.com\/en\/category\/aktuelles\/\">Aktuelles<\/a>\n<\/li>\n\t<li class=\"cat-item cat-item-34\"><a href=\"https:\/\/dr-ines-reuter-coaching.com\/en\/category\/monatsrueckblick\/\">Monatsr\u00fcckblick<\/a>\n<\/li>\n\t<li class=\"cat-item cat-item-26\"><a href=\"https:\/\/dr-ines-reuter-coaching.com\/en\/category\/nature\/\">Nature<\/a>\n<\/li>\n\t<li class=\"cat-item cat-item-33\"><a href=\"https:\/\/dr-ines-reuter-coaching.com\/en\/category\/persoenliches\/\">Pers\u00f6nliches<\/a>\n<\/li>\n\t<li class=\"cat-item cat-item-21\"><a href=\"https:\/\/dr-ines-reuter-coaching.com\/en\/category\/projekte\/\">Projekte<\/a>\n<\/li>\n\t\t\t<\/ul>\n\n\t\t\t<span class=\"seperator extralight-border\"><\/span><\/section><\/div><\/div><\/div><\/div><\/div><!-- close content main div --><\/div><\/div><div id='after_section_2'  class='main_color av_default_container_wrap container_wrap sidebar_right'  ><div class='container av-section-cont-open' ><div class='template-page content  av-content-small alpha units'><div class='post-entry post-entry-type-page post-entry-1070'><div class='entry-content-wrapper clearfix'>\n","protected":false},"excerpt":{"rendered":"","protected":false},"author":1,"featured_media":0,"parent":0,"menu_order":0,"comment_status":"closed","ping_status":"closed","template":"","meta":{"footnotes":""},"_links":{"self":[{"href":"https:\/\/dr-ines-reuter-coaching.com\/en\/wp-json\/wp\/v2\/pages\/1070"}],"collection":[{"href":"https:\/\/dr-ines-reuter-coaching.com\/en\/wp-json\/wp\/v2\/pages"}],"about":[{"href":"https:\/\/dr-ines-reuter-coaching.com\/en\/wp-json\/wp\/v2\/types\/page"}],"author":[{"embeddable":true,"href":"https:\/\/dr-ines-reuter-coaching.com\/en\/wp-json\/wp\/v2\/users\/1"}],"replies":[{"embeddable":true,"href":"https:\/\/dr-ines-reuter-coaching.com\/en\/wp-json\/wp\/v2\/comments?post=1070"}],"version-history":[{"count":2,"href":"https:\/\/dr-ines-reuter-coaching.com\/en\/wp-json\/wp\/v2\/pages\/1070\/revisions"}],"predecessor-version":[{"id":1076,"href":"https:\/\/dr-ines-reuter-coaching.com\/en\/wp-json\/wp\/v2\/pages\/1070\/revisions\/1076"}],"wp:attachment":[{"href":"https:\/\/dr-ines-reuter-coaching.com\/en\/wp-json\/wp\/v2\/media?parent=1070"}],"curies":[{"name":"wp","href":"https:\/\/api.w.org\/{rel}","templated":true}]}}